{"id":82,"date":"2021-05-27T09:45:27","date_gmt":"2021-05-27T09:45:27","guid":{"rendered":"https:\/\/wholecelium.com\/?post_type=product&#038;p=82"},"modified":"2026-02-27T08:58:21","modified_gmt":"2026-02-27T07:58:21","slug":"psilocybe-alien","status":"publish","type":"product","link":"https:\/\/www.wholecelium.com\/cs\/shop\/magic-truffles\/psilocybe-alien\/","title":{"rendered":"Psilocybe ALIEN"},"content":{"rendered":"<p><strong>Kouzeln\u00e9 lan\u00fd\u017ee ALIEN<\/strong><\/p>\n<p>&nbsp;<\/p>\n<blockquote><p>ALIENS jsou nejsiln\u011bj\u0161\u00ed magick\u00e9 lan\u00fd\u017ee ve vesm\u00edru. Byli zajati pos\u00e1dkou na\u0161\u00ed vesm\u00edrn\u00e9 lodi ze skupiny plazovit\u011b vyhl\u00ed\u017eej\u00edc\u00edch tvor\u016f, kte\u0159\u00ed se zd\u00e1li b\u00fdt schopni rychle m\u011bnit podobu. P\u0159ich\u00e1zej\u00ed po \u010d\u00e1stech, roz\u0159ezan\u00ed, proto\u017ee jsou p\u011bkn\u011b velc\u00ed. Jejich \u00fa\u010dinky v\u00e1s p\u0159enesou o sv\u011bteln\u00e9 roky dop\u0159edu, warpovou rychlost\u00ed. Vet\u0159elec byl vyvinut tak, aby se dostal do je\u0161t\u011b hlub\u0161\u00edho transu ne\u017e u Hollandie.<\/p><\/blockquote>\n<ul>\n<li><strong>V\u00fdlet:<\/strong> Tento v\u00fdlet v\u00e1m poskytne siln\u00fd, vizu\u00e1ln\u00ed, barevn\u00fd a siln\u00fd z\u00e1\u017eitek. S\u00edla tohoto kouzeln\u00e9ho lan\u00fd\u017ee na v\u00e1s s nejv\u011bt\u0161\u00ed pravd\u011bpodobnost\u00ed zap\u016fsob\u00ed.<\/li>\n<li><strong>D\u00e1vkov\u00e1n\u00ed:<\/strong> ALIENS jsou kouzeln\u00e9 lan\u00fd\u017ee pro profesion\u00e1ly, na kter\u00e9 se mus\u00edte p\u0159ipravit. 5 - 10 gram\u016f: skv\u011bl\u00e1 z\u00e1bava a sm\u00edch, uvol\u0148uj\u00edc\u00ed t\u011blesn\u00fd high 15 gram\u016f: hlub\u0161\u00ed, pronikav\u00fd trip, vizu\u00e1ln\u00ed a barevn\u00fd - hlubok\u00e9 vhledy, p\u0159i spr\u00e1vn\u00e9m d\u00e1vkov\u00e1n\u00ed lze za\u017e\u00edt smrt ega.<\/li>\n<\/ul>\n<p>Ve\u0161ker\u00e9 z\u00e1kladn\u00ed informace naleznete v na\u0161em <a href=\"https:\/\/www.wholecelium.com\/cs\/wiki\/pruvodce-kouzelnymi-lanyzi\/\">WIKI &gt; P\u0159\u00edru\u010dky<\/a><\/p>","protected":false},"excerpt":{"rendered":"<p>\ud83c\udf3e 15 gr.\u00a0 \u00a0 \ud83e\udde0 90\/100<\/p>","protected":false},"featured_media":132,"comment_status":"closed","ping_status":"closed","template":"","meta":[],"product_brand":[],"product_cat":[23],"product_tag":[],"topics":[],"class_list":{"0":"post-82","1":"product","2":"type-product","3":"status-publish","4":"has-post-thumbnail","6":"product_cat-magic-truffles","8":"first","9":"instock","10":"shipping-taxable","11":"purchasable","12":"product-type-simple"},"_links":{"self":[{"href":"https:\/\/www.wholecelium.com\/cs\/wp-json\/wp\/v2\/product\/82","targetHints":{"allow":["GET"]}}],"collection":[{"href":"https:\/\/www.wholecelium.com\/cs\/wp-json\/wp\/v2\/product"}],"about":[{"href":"https:\/\/www.wholecelium.com\/cs\/wp-json\/wp\/v2\/types\/product"}],"replies":[{"embeddable":true,"href":"https:\/\/www.wholecelium.com\/cs\/wp-json\/wp\/v2\/comments?post=82"}],"wp:featuredmedia":[{"embeddable":true,"href":"https:\/\/www.wholecelium.com\/cs\/wp-json\/wp\/v2\/media\/132"}],"wp:attachment":[{"href":"https:\/\/www.wholecelium.com\/cs\/wp-json\/wp\/v2\/media?parent=82"}],"wp:term":[{"taxonomy":"product_brand","embeddable":true,"href":"https:\/\/www.wholecelium.com\/cs\/wp-json\/wp\/v2\/product_brand?post=82"},{"taxonomy":"product_cat","embeddable":true,"href":"https:\/\/www.wholecelium.com\/cs\/wp-json\/wp\/v2\/product_cat?post=82"},{"taxonomy":"product_tag","embeddable":true,"href":"https:\/\/www.wholecelium.com\/cs\/wp-json\/wp\/v2\/product_tag?post=82"},{"taxonomy":"topics","embeddable":true,"href":"https:\/\/www.wholecelium.com\/cs\/wp-json\/wp\/v2\/topics?post=82"}],"curies":[{"name":"wp","href":"https:\/\/api.w.org\/{rel}","templated":true}]}}