{"id":108860,"date":"2023-02-16T13:34:55","date_gmt":"2023-02-16T12:34:55","guid":{"rendered":"https:\/\/www.wholecelium.com\/?post_type=product&#038;p=108860"},"modified":"2026-04-01T11:55:20","modified_gmt":"2026-04-01T09:55:20","slug":"treasure-coast-pf-tek-spore-vial","status":"publish","type":"product","link":"https:\/\/www.wholecelium.com\/es\/shop\/pf-tek\/treasure-coast-pf-tek-spore-vial\/","title":{"rendered":"Treasure Coast - Ampolla de esporas PF Tek"},"content":{"rendered":"<div class=\"ql-block\" data-block-id=\"block-3abb8772-e3e9-4615-8049-b92ee3cca0c4\">\u00a1Hablemos de un tesoro! La Treasure Coast Cubensis es una variedad de seta de psilocibina originaria de Florida (EE.UU.). Pertenece a la familia Psilocybe cubensis y debe su nombre a la regi\u00f3n de Treasure Coast, en Florida, donde se descubri\u00f3 por primera vez.<\/div>\n<div class=\"ql-block\" data-block-id=\"block-3d55fe73-b4a9-4403-b0c5-d3e27772ce27\"><\/div>\n<div class=\"ql-block\" data-block-id=\"block-811bde6a-2186-45fb-8b08-c951fa24858b\">En comparaci\u00f3n con el <a href=\"https:\/\/www.wholecelium.com\/es\/tienda\/pf-tek\/amazonian-pf-tek-spore-vial\/\"><strong>Amazonas <\/strong><\/a>esta cepa suele producir una mayor cantidad de setas en m\u00faltiples lavados. Es una campeona del flushing que sigue dando con poco tiempo de inactividad en el medio. Tambi\u00e9n es conocida por producir ocasionalmente albinos.<\/div>\n<div class=\"ql-block\" data-block-id=\"block-1a284149-670d-4bff-bb7c-557bedde8934\">La variedad Treasure Coast suele ser medianamente potente, ni demasiado d\u00e9bil ni demasiado potente. Los consumidores suelen tomar 20 gramos de esta seta. Mientras que algunos pueden afirmar que es super fuerte, las pruebas reales muestran que es m\u00e1s o menos tan potente como las cepas medias, tales como <a href=\"https:\/\/www.wholecelium.com\/es\/tienda\/pf-tek\/golden-teacher-pf-tek-spore-vial\/\"><strong>Profesor de oro<\/strong><\/a>.<\/div>\n<blockquote><p>El coloc\u00f3n inicial de esta seta puede ser fuerte para algunos, pero a medida que avanza el viaje, tiende a suavizarse en un subid\u00f3n m\u00e1s relajado. Los efectos de esta seta suelen describirse como iluminadores y un coloc\u00f3n euf\u00f3rico que puede ayudar a conectar con la naturaleza y promover la curaci\u00f3n espiritual.<\/p><\/blockquote>\n<p>No deje de consultar nuestra extensa\u00a0<strong><a href=\"https:\/\/www.wholecelium.com\/es\/wiki\/manuales\/pf-tek-how-to-grow-shrooms\/\">manual<\/a>\u00a0<\/strong>\u00a1en el cultivo de PF-Tek con nuestros viales de esporas!<br \/>\nNecesitar\u00e1s:<\/p>\n<ul>\n<li>Tarros de cristal (de boca lo m\u00e1s ancha posible para poder volver a sacar la tarta de sustrato).<\/li>\n<li>Vermiculita (un medio de cultivo, f\u00e1cil de encontrar en su jardiner\u00eda o ferreter\u00eda local).<\/li>\n<li>Harina de arroz integral (Se puede encontrar en los supermercados, especialmente en los que tienen un aire a Whole Foods)<\/li>\n<\/ul>","protected":false},"excerpt":{"rendered":"<p>\ud83c\udf3e up to 500 grams<\/p>","protected":false},"featured_media":94964,"comment_status":"open","ping_status":"closed","template":"","meta":[],"product_brand":[],"product_cat":[118],"product_tag":[95],"topics":[],"class_list":{"0":"post-108860","1":"product","2":"type-product","3":"status-publish","4":"has-post-thumbnail","6":"product_cat-pf-tek","7":"product_tag-pf-tek","9":"first","10":"instock","11":"sale","12":"shipping-taxable","13":"purchasable","14":"product-type-simple"},"_links":{"self":[{"href":"https:\/\/www.wholecelium.com\/es\/wp-json\/wp\/v2\/product\/108860","targetHints":{"allow":["GET"]}}],"collection":[{"href":"https:\/\/www.wholecelium.com\/es\/wp-json\/wp\/v2\/product"}],"about":[{"href":"https:\/\/www.wholecelium.com\/es\/wp-json\/wp\/v2\/types\/product"}],"replies":[{"embeddable":true,"href":"https:\/\/www.wholecelium.com\/es\/wp-json\/wp\/v2\/comments?post=108860"}],"wp:featuredmedia":[{"embeddable":true,"href":"https:\/\/www.wholecelium.com\/es\/wp-json\/wp\/v2\/media\/94964"}],"wp:attachment":[{"href":"https:\/\/www.wholecelium.com\/es\/wp-json\/wp\/v2\/media?parent=108860"}],"wp:term":[{"taxonomy":"product_brand","embeddable":true,"href":"https:\/\/www.wholecelium.com\/es\/wp-json\/wp\/v2\/product_brand?post=108860"},{"taxonomy":"product_cat","embeddable":true,"href":"https:\/\/www.wholecelium.com\/es\/wp-json\/wp\/v2\/product_cat?post=108860"},{"taxonomy":"product_tag","embeddable":true,"href":"https:\/\/www.wholecelium.com\/es\/wp-json\/wp\/v2\/product_tag?post=108860"},{"taxonomy":"topics","embeddable":true,"href":"https:\/\/www.wholecelium.com\/es\/wp-json\/wp\/v2\/topics?post=108860"}],"curies":[{"name":"wp","href":"https:\/\/api.w.org\/{rel}","templated":true}]}}