{"id":83,"date":"2021-05-27T09:45:27","date_gmt":"2021-05-27T09:45:27","guid":{"rendered":"https:\/\/wholecelium.com\/?post_type=product&#038;p=83"},"modified":"2026-03-27T17:06:07","modified_gmt":"2026-03-27T16:06:07","slug":"psilocybe-atlantis","status":"publish","type":"product","link":"https:\/\/www.wholecelium.com\/fr\/shop\/magic-truffles\/psilocybe-atlantis\/","title":{"rendered":"Psilocybe ATLANTIS"},"content":{"rendered":"<p>La truffe magique d'ATLANTIS<\/p>\n<p>&nbsp;<\/p>\n<blockquote><p>Les truffes magiques ATLANTIS sclerotia sont les meilleures truffes lorsque vous ne pouvez pas d\u00e9cider jusqu'o\u00f9 vous voulez aller. Elles fournissent le plus d'images et les pens\u00e9es les plus profondes pendant le trip. Ces truffes magiques donnent un aper\u00e7u de votre propre monde inconscient oubli\u00e9, d'o\u00f9 leur nom. La truffe Atlantis a \u00e9t\u00e9 d\u00e9couverte dans le comt\u00e9 de Fulton, en G\u00e9orgie, aux \u00c9tats-Unis. Ces truffes magiques sont des \"cousines\" du Psilocybe Mexicana, mais elles sont beaucoup plus puissantes que les truffes magiques Mexicana ou Pajaritos.<\/p><\/blockquote>\n<ul>\n<li><strong>Voyage :<\/strong> Un high corporel chaud et relaxant. On peut ressentir des pouss\u00e9es et des vagues que l'on n'a jamais ressenties auparavant. La connexion avec les autres et la terre m\u00e8re peut \u00eatre ressentie et des visuels souvent color\u00e9s peuvent se produire.<\/li>\n<li><strong>Dosage :<\/strong> Les ATLANTIS sont des truffes magiques pour les aventuriers psych\u00e9d\u00e9liques un peu plus exp\u00e9riment\u00e9s.<\/li>\n<\/ul>\n<p>Toutes sortes d'informations de fond peuvent \u00eatre trouv\u00e9es dans notre section <a href=\"https:\/\/www.wholecelium.com\/fr\/wiki\/magic-truffles-guide\/\">WIKI &gt; Manuels<\/a><\/p>","protected":false},"excerpt":{"rendered":"<p>\ud83c\udf3e 15 gr.\u00a0 \u00a0 \ud83e\udde0 70\/100<\/p>","protected":false},"featured_media":134,"comment_status":"closed","ping_status":"closed","template":"","meta":[],"product_brand":[],"product_cat":[23],"product_tag":[],"topics":[],"class_list":{"0":"post-83","1":"product","2":"type-product","3":"status-publish","4":"has-post-thumbnail","6":"product_cat-magic-truffles","8":"first","9":"instock","10":"shipping-taxable","11":"purchasable","12":"product-type-simple"},"_links":{"self":[{"href":"https:\/\/www.wholecelium.com\/fr\/wp-json\/wp\/v2\/product\/83","targetHints":{"allow":["GET"]}}],"collection":[{"href":"https:\/\/www.wholecelium.com\/fr\/wp-json\/wp\/v2\/product"}],"about":[{"href":"https:\/\/www.wholecelium.com\/fr\/wp-json\/wp\/v2\/types\/product"}],"replies":[{"embeddable":true,"href":"https:\/\/www.wholecelium.com\/fr\/wp-json\/wp\/v2\/comments?post=83"}],"wp:featuredmedia":[{"embeddable":true,"href":"https:\/\/www.wholecelium.com\/fr\/wp-json\/wp\/v2\/media\/134"}],"wp:attachment":[{"href":"https:\/\/www.wholecelium.com\/fr\/wp-json\/wp\/v2\/media?parent=83"}],"wp:term":[{"taxonomy":"product_brand","embeddable":true,"href":"https:\/\/www.wholecelium.com\/fr\/wp-json\/wp\/v2\/product_brand?post=83"},{"taxonomy":"product_cat","embeddable":true,"href":"https:\/\/www.wholecelium.com\/fr\/wp-json\/wp\/v2\/product_cat?post=83"},{"taxonomy":"product_tag","embeddable":true,"href":"https:\/\/www.wholecelium.com\/fr\/wp-json\/wp\/v2\/product_tag?post=83"},{"taxonomy":"topics","embeddable":true,"href":"https:\/\/www.wholecelium.com\/fr\/wp-json\/wp\/v2\/topics?post=83"}],"curies":[{"name":"wp","href":"https:\/\/api.w.org\/{rel}","templated":true}]}}