{"id":244517,"date":"2025-07-29T14:07:20","date_gmt":"2025-07-29T12:07:20","guid":{"rendered":"https:\/\/www.wholecelium.com\/?post_type=product&#038;p=244517"},"modified":"2026-02-27T08:53:24","modified_gmt":"2026-02-27T07:53:24","slug":"shakti-twins-combo-pack-2-por-2","status":"publish","type":"product","link":"https:\/\/www.wholecelium.com\/hu\/shop\/magic-truffles\/shakti-twins-combo-pack-2-por-2\/","title":{"rendered":"SHAKTI TWINS &#8211; DUO-Pack (50 gr.)"},"content":{"rendered":"<p>2 portions SHAKTI \u00e0 25 gram (= 50 gram total) of magic truffles.<\/p>\n<blockquote><p>A Shakti megadja nektek a kozmikus energi\u00e1t a teremt\u00e9s meg\u00fajul\u00e1s\u00e1hoz \u00e9s a szinergi\u00e1hoz.<br \/>\nUgyanolyan er\u0151s, mint a MAAKALI szarvasgomb\u00e1k, de kiss\u00e9 m\u00e1sk\u00e9pp n\u00e9z ki.<\/p><\/blockquote>\n<ul>\n<li>5-10 szem\u00e9ly utazhat 1 \u00fczletb\u0151l, mert a var\u00e1zslatos szarvasgomba ereje \u00e9s mennyis\u00e9ge miatt.<\/li>\n<li>Mindenf\u00e9le h\u00e1tt\u00e9rinform\u00e1ci\u00f3 megtal\u00e1lhat\u00f3 a k\u00f6vetkez\u0151 oldalunkon <a href=\"https:\/\/www.wholecelium.com\/hu\/wiki-categories\/kezikonyvek\/\">WIKI &gt; <u>K\u00e9zik\u00f6nyvek<\/u><\/a><\/li>\n<\/ul>","protected":false},"excerpt":{"rendered":"<p>\ud83c\udf3e 2 x 25 gr. = 50 gr.\u00a0\u00a0 \ud83e\udde0 100\/100<\/p>","protected":false},"featured_media":56129,"comment_status":"closed","ping_status":"closed","template":"","meta":[],"product_brand":[],"product_cat":[23],"product_tag":[],"topics":[],"class_list":{"0":"post-244517","1":"product","2":"type-product","3":"status-publish","4":"has-post-thumbnail","6":"product_cat-magic-truffles","8":"first","9":"instock","10":"sale","11":"shipping-taxable","12":"purchasable","13":"product-type-simple"},"_links":{"self":[{"href":"https:\/\/www.wholecelium.com\/hu\/wp-json\/wp\/v2\/product\/244517","targetHints":{"allow":["GET"]}}],"collection":[{"href":"https:\/\/www.wholecelium.com\/hu\/wp-json\/wp\/v2\/product"}],"about":[{"href":"https:\/\/www.wholecelium.com\/hu\/wp-json\/wp\/v2\/types\/product"}],"replies":[{"embeddable":true,"href":"https:\/\/www.wholecelium.com\/hu\/wp-json\/wp\/v2\/comments?post=244517"}],"wp:featuredmedia":[{"embeddable":true,"href":"https:\/\/www.wholecelium.com\/hu\/wp-json\/wp\/v2\/media\/56129"}],"wp:attachment":[{"href":"https:\/\/www.wholecelium.com\/hu\/wp-json\/wp\/v2\/media?parent=244517"}],"wp:term":[{"taxonomy":"product_brand","embeddable":true,"href":"https:\/\/www.wholecelium.com\/hu\/wp-json\/wp\/v2\/product_brand?post=244517"},{"taxonomy":"product_cat","embeddable":true,"href":"https:\/\/www.wholecelium.com\/hu\/wp-json\/wp\/v2\/product_cat?post=244517"},{"taxonomy":"product_tag","embeddable":true,"href":"https:\/\/www.wholecelium.com\/hu\/wp-json\/wp\/v2\/product_tag?post=244517"},{"taxonomy":"topics","embeddable":true,"href":"https:\/\/www.wholecelium.com\/hu\/wp-json\/wp\/v2\/topics?post=244517"}],"curies":[{"name":"wp","href":"https:\/\/api.w.org\/{rel}","templated":true}]}}