{"id":87,"date":"2021-05-27T09:45:27","date_gmt":"2021-05-27T09:45:27","guid":{"rendered":"https:\/\/wholecelium.com\/?post_type=product&#038;p=87"},"modified":"2026-03-27T17:03:22","modified_gmt":"2026-03-27T16:03:22","slug":"psilocybe-mexicana","status":"publish","type":"product","link":"https:\/\/www.wholecelium.com\/lt\/shop\/magic-truffles\/psilocybe-mexicana\/","title":{"rendered":"Psilocybe MEXICANA"},"content":{"rendered":"<p><strong>MEXICANA magi\u0161ki triufeliai<\/strong><\/p>\n<blockquote><p>Tai tikriausiai vienas i\u0161 labiausiai \u017einom\u0173 magi\u0161k\u0173j\u0173 triufeli\u0173; \u0161i triufeli\u0173 r\u016b\u0161is auga Meksikos atogr\u0105\u017e\u0173 mi\u0161kuose, taip pat rasta kitose \u0161alyse, pavyzd\u017eiui, Gvatamaloje. 1958 m. \u0161i\u0105 r\u016b\u0161\u012f atrado mikologas R. Gordonas. \u0160ie stebuklingieji trumai kartais dar vadinami filosof\u0173 akmenimis. Kai kuriems \u017emon\u0117ms kitos triufeli\u0173 r\u016b\u0161ys gali pasirodyti \u0161iek tiek priblo\u0161kian\u010dios. Jei tiesiog norite gerai praleisti laik\u0105; tai b\u016bdas vienu metu i\u0161likti ir kasdien\u0117je, ir psilosferin\u0117je realyb\u0117je.<\/p><\/blockquote>\n<ul>\n<li><strong>Kelion\u0117<\/strong>: \u0160i kelion\u0117 yra lengva ir gali b\u016bti puiki patirtis pradedantiesiems, nepatyrusiems keliautojams. J\u016bs\u0173 k\u016bn\u0105 u\u017epl\u016bs puik\u016bs juokeliai, eufori\u0161ki jausmai ir d\u017eiugi nuotaika.<\/li>\n<li><strong>Dozavimas<\/strong>: \"MEXICAN\" yra puikus magi\u0161kas triufelis pradedan\u010diajam, asmeniui, kuris tik \u012f\u017eengia \u012f nauj\u0105 magi\u0161k\u0105 pasaul\u012f 15 gram\u0173: Tai puikus \u0161iltas k\u016bno pakilimas, a\u0161tresnis suvokimas ir apskritai laiminga nuotaika.<\/li>\n<\/ul>\n<p>Vis\u0105 pagrindin\u0119 informacij\u0105 galite rasti m\u016bs\u0173 <a href=\"https:\/\/www.wholecelium.com\/lt\/wiki\/magic-truffles-guide\/\"><strong>WIKI<\/strong> &gt; Vadovai<\/a><\/p>","protected":false},"excerpt":{"rendered":"<p>\ud83c\udf3e 15 gr.\u00a0 \u00a0 \ud83e\udde0 55\/100<\/p>","protected":false},"featured_media":149,"comment_status":"closed","ping_status":"closed","template":"","meta":[],"product_brand":[],"product_cat":[23],"product_tag":[],"topics":[],"class_list":{"0":"post-87","1":"product","2":"type-product","3":"status-publish","4":"has-post-thumbnail","6":"product_cat-magic-truffles","8":"first","9":"instock","10":"shipping-taxable","11":"purchasable","12":"product-type-simple"},"_links":{"self":[{"href":"https:\/\/www.wholecelium.com\/lt\/wp-json\/wp\/v2\/product\/87","targetHints":{"allow":["GET"]}}],"collection":[{"href":"https:\/\/www.wholecelium.com\/lt\/wp-json\/wp\/v2\/product"}],"about":[{"href":"https:\/\/www.wholecelium.com\/lt\/wp-json\/wp\/v2\/types\/product"}],"replies":[{"embeddable":true,"href":"https:\/\/www.wholecelium.com\/lt\/wp-json\/wp\/v2\/comments?post=87"}],"wp:featuredmedia":[{"embeddable":true,"href":"https:\/\/www.wholecelium.com\/lt\/wp-json\/wp\/v2\/media\/149"}],"wp:attachment":[{"href":"https:\/\/www.wholecelium.com\/lt\/wp-json\/wp\/v2\/media?parent=87"}],"wp:term":[{"taxonomy":"product_brand","embeddable":true,"href":"https:\/\/www.wholecelium.com\/lt\/wp-json\/wp\/v2\/product_brand?post=87"},{"taxonomy":"product_cat","embeddable":true,"href":"https:\/\/www.wholecelium.com\/lt\/wp-json\/wp\/v2\/product_cat?post=87"},{"taxonomy":"product_tag","embeddable":true,"href":"https:\/\/www.wholecelium.com\/lt\/wp-json\/wp\/v2\/product_tag?post=87"},{"taxonomy":"topics","embeddable":true,"href":"https:\/\/www.wholecelium.com\/lt\/wp-json\/wp\/v2\/topics?post=87"}],"curies":[{"name":"wp","href":"https:\/\/api.w.org\/{rel}","templated":true}]}}