{"id":108861,"date":"2023-02-16T13:35:50","date_gmt":"2023-02-16T12:35:50","guid":{"rendered":"https:\/\/www.wholecelium.com\/?post_type=product&#038;p=108861"},"modified":"2026-04-01T11:54:45","modified_gmt":"2026-04-01T09:54:45","slug":"red-boy-pf-tek-spore-vial","status":"publish","type":"product","link":"https:\/\/www.wholecelium.com\/sv\/shop\/pf-tek\/red-boy-pf-tek-spore-vial\/","title":{"rendered":"Red Boy - PF Tek Spore Vial"},"content":{"rendered":"<p>Kolla in Red Boy psilocybe cubensis - en av de coolaste svampsorterna som finns! Red Boy psilocybe cubensis \u00e4r en av de f\u00e5 cubensis-stammar som producerar r\u00f6da sporer. Denna unika egenskap ger Red Boy-svampen sitt namn. Svamparna har stora breda hattar p\u00e5 medelstora till stora k\u00f6ttiga stj\u00e4lkar. Red boy kan vara en l\u00e5ngsam odlare, men dessa pojkar kommer inte att svika dig!<\/p>\n<blockquote><p>Effekterna \u00e4r relativt milda j\u00e4mf\u00f6rt med andra sorter. Du kan fortfarande f\u00f6rv\u00e4nta dig de vanliga visuella l\u00e4ckerheterna som f\u00f6rknippas med magiska svampar, liksom de vanliga psykiska effekterna som f\u00f6ljer med dem. Detta g\u00f6r den till ett utm\u00e4rkt val f\u00f6r nyb\u00f6rjare som bara b\u00f6rjar utforska psykedeliska \u00e4mnen och som gradvis vill bygga upp sin tolerans mot dem. Med den h\u00e4r sorten blir du f\u00f6rsiktigt lanserad i den mystiska v\u00e4rlden av andar.<\/p><\/blockquote>\n<p>Se till att kolla in v\u00e5r omfattande\u00a0<strong><a href=\"https:\/\/www.wholecelium.com\/sv\/wiki\/manualer\/pf-tek-how-to-grow-shrooms\/\">manuellt<\/a>\u00a0<\/strong>om att odla PF-Tek med v\u00e5ra sporflaskor!<br \/>\nDu beh\u00f6ver:<\/p>\n<ul>\n<li>Glasburkar (s\u00e5 vid\u00f6ppna som m\u00f6jligt s\u00e5 att du kan f\u00e5 ut substratkakan igen).<\/li>\n<li>Vermiculit (ett odlingsmedium som \u00e4r l\u00e4tt att hitta i tr\u00e4dg\u00e5rds- eller j\u00e4rnaff\u00e4ren).<\/li>\n<li>Brunt rismj\u00f6l (kan hittas i snabbk\u00f6p, s\u00e4rskilt de som p\u00e5minner om Whole Foods)<\/li>\n<\/ul>","protected":false},"excerpt":{"rendered":"<p>\ud83c\udf3e up to 500 grams<\/p>","protected":false},"featured_media":94964,"comment_status":"open","ping_status":"closed","template":"","meta":[],"product_brand":[],"product_cat":[118],"product_tag":[95],"topics":[],"class_list":{"0":"post-108861","1":"product","2":"type-product","3":"status-publish","4":"has-post-thumbnail","6":"product_cat-pf-tek","7":"product_tag-pf-tek","9":"first","10":"instock","11":"sale","12":"shipping-taxable","13":"purchasable","14":"product-type-simple"},"_links":{"self":[{"href":"https:\/\/www.wholecelium.com\/sv\/wp-json\/wp\/v2\/product\/108861","targetHints":{"allow":["GET"]}}],"collection":[{"href":"https:\/\/www.wholecelium.com\/sv\/wp-json\/wp\/v2\/product"}],"about":[{"href":"https:\/\/www.wholecelium.com\/sv\/wp-json\/wp\/v2\/types\/product"}],"replies":[{"embeddable":true,"href":"https:\/\/www.wholecelium.com\/sv\/wp-json\/wp\/v2\/comments?post=108861"}],"wp:featuredmedia":[{"embeddable":true,"href":"https:\/\/www.wholecelium.com\/sv\/wp-json\/wp\/v2\/media\/94964"}],"wp:attachment":[{"href":"https:\/\/www.wholecelium.com\/sv\/wp-json\/wp\/v2\/media?parent=108861"}],"wp:term":[{"taxonomy":"product_brand","embeddable":true,"href":"https:\/\/www.wholecelium.com\/sv\/wp-json\/wp\/v2\/product_brand?post=108861"},{"taxonomy":"product_cat","embeddable":true,"href":"https:\/\/www.wholecelium.com\/sv\/wp-json\/wp\/v2\/product_cat?post=108861"},{"taxonomy":"product_tag","embeddable":true,"href":"https:\/\/www.wholecelium.com\/sv\/wp-json\/wp\/v2\/product_tag?post=108861"},{"taxonomy":"topics","embeddable":true,"href":"https:\/\/www.wholecelium.com\/sv\/wp-json\/wp\/v2\/topics?post=108861"}],"curies":[{"name":"wp","href":"https:\/\/api.w.org\/{rel}","templated":true}]}}